{"id":866,"date":"2024-03-27T18:34:12","date_gmt":"2024-03-27T17:34:12","guid":{"rendered":"https:\/\/cabanedesdix.com\/itineraries\/"},"modified":"2024-03-29T10:09:19","modified_gmt":"2024-03-29T09:09:19","slug":"itineraries","status":"publish","type":"page","link":"https:\/\/cabanedesdix.com\/de\/itineraries\/","title":{"rendered":"Itineraries"},"content":{"rendered":"\t\t<div data-elementor-type=\"wp-page\" data-elementor-id=\"866\" class=\"elementor elementor-866\" data-elementor-post-type=\"page\">\n\t\t\t\t<div class=\"elementor-element elementor-element-a876181 e-flex e-con-boxed e-con e-parent\" data-id=\"a876181\" data-element_type=\"container\">\n\t\t\t\t\t<div class=\"e-con-inner\">\n\t\t\t\t<div class=\"elementor-element elementor-element-b9c28b3 elementor-widget elementor-widget-heading\" data-id=\"b9c28b3\" data-element_type=\"widget\" data-widget_type=\"heading.default\">\n\t\t\t\t<div class=\"elementor-widget-container\">\n\t\t\t<style>\/*! elementor - v3.21.0 - 08-05-2024 *\/\n.elementor-heading-title{padding:0;margin:0;line-height:1}.elementor-widget-heading .elementor-heading-title[class*=elementor-size-]>a{color:inherit;font-size:inherit;line-height:inherit}.elementor-widget-heading .elementor-heading-title.elementor-size-small{font-size:15px}.elementor-widget-heading .elementor-heading-title.elementor-size-medium{font-size:19px}.elementor-widget-heading .elementor-heading-title.elementor-size-large{font-size:29px}.elementor-widget-heading .elementor-heading-title.elementor-size-xl{font-size:39px}.elementor-widget-heading .elementor-heading-title.elementor-size-xxl{font-size:59px}<\/style><h2 class=\"elementor-heading-title elementor-size-default\">Skitouring-Ziele<\/h2>\t\t<\/div>\n\t\t\t\t<\/div>\n\t\t\t\t<div class=\"elementor-element elementor-element-fdbcb51 elementor-widget elementor-widget-text-editor\" data-id=\"fdbcb51\" data-element_type=\"widget\" data-widget_type=\"text-editor.default\">\n\t\t\t\t<div class=\"elementor-widget-container\">\n\t\t\t<style>\/*! elementor - v3.21.0 - 08-05-2024 *\/\n.elementor-widget-text-editor.elementor-drop-cap-view-stacked .elementor-drop-cap{background-color:#69727d;color:#fff}.elementor-widget-text-editor.elementor-drop-cap-view-framed .elementor-drop-cap{color:#69727d;border:3px solid;background-color:transparent}.elementor-widget-text-editor:not(.elementor-drop-cap-view-default) .elementor-drop-cap{margin-top:8px}.elementor-widget-text-editor:not(.elementor-drop-cap-view-default) .elementor-drop-cap-letter{width:1em;height:1em}.elementor-widget-text-editor .elementor-drop-cap{float:left;text-align:center;line-height:1;font-size:50px}.elementor-widget-text-editor .elementor-drop-cap-letter{display:inline-block}<\/style>\t\t\t\t<section class=\"av_textblock_section\">\n<div class=\"avia_textblock \">\n<p><b>Mt Blanc de Cheilon ( 3870 m ) :  <\/b><\/p>\n<p>Hier finden Sie die g\u00e4ngigsten Routen. Verschiedene Varianten sind m\u00f6glich. Das Reisef\u00fchrerbuch ist in der H\u00fctte erh\u00e4ltlich.<\/p>\n<p>WNW und SW Ridge (normale Route): Vom Col de Cheilon 3h; F bis PD.<\/p>\n<ul>\n<li>Folgen Sie dem felsigen Grat ab dem Col de Cheilon (3243). Dieser Kamm wird bei P. 3496 schneebedeckt und breit. Head for the saddle at P. 3774 between the summit and the snow dome. Von hier aus folgen Sie dem schmalen, dann steilen SW-Grat zum Gipfel.<\/li>\n<\/ul>\n<p>NNW ridge (Gallet): Von der H\u00fctte aus 5h; AD.<\/p>\n<ul>\n<li>Klettern Sie den Cheilon-Gletscher hinauf, um den kleinen Pass s\u00fcdlich des Clocher de Cheilon zu erreichen. Folgen Sie dem Rand bis zum Gendarmen in der Mitte des Randes. Gehen Sie auf der E-Seite herum und dann zur\u00fcck zum Rand. Am Ende des Weges gibt es viele Spr\u00fcnge in Fels, der nicht immer sehr fest ist.<\/li>\n<\/ul>\n<p>Nordseite: Von der H\u00fctte aus 6:30 Uhr; TD-.<\/p>\n<ul>\n<li>Klettern Sie den Cheilon-Gletscher hinauf, um den kleinen Pass s\u00fcdlich des Clocher de Cheilon zu erreichen. \u00dcberqueren Sie die Rimaye am Fu\u00df der Wand und erreichen Sie dann die Felsen auf der linken Seite des Couloirs. Wenn der Korridor sich weitet, nehmen Sie die Spitze des Firns. Gehen Sie teilweise durch die Felsen, die ihn begrenzen. F\u00fcge einen Sporn auf der linken Seite hinzu, der leicht nach rechts zur Spitze f\u00fchrt. Zwei V-f\u00f6rmige Durchg\u00e4nge.<\/li>\n<\/ul>\n<p>NNE ridge (Jenkins): 5h; AD+.<\/p>\n<ul>\n<li>Von der H\u00fctte aus folgen Sie dem Col de la Serpentine-Weg und biegen dann ab, um den Fu\u00df des Bergr\u00fcckens zu erreichen. Passieren Sie den Rimaye auf der linken Seite der Kante. Folgen Sie dem Schneeabhang und gewinnen Sie schnell den Rand. Folgen Sie dem Faden nach oben. Die Mitte des Ridge besteht aus losem Gestein. Climb around the last projection on the north face. Pick up the ridge as soon as possible and follow it to the summit.<\/li>\n<\/ul>\n<p>E-Grat: Vom Col de la Serpentine 2h15; PD+.<\/p>\n<ul>\n<li>Vom Col de la Serpentine (3547) aus folgen Sie der S-Seite des Grates (m\u00f6gliche Abzweigungen nach N) bis zum Punkt 3819. Folgen Sie dem Felsvorsprung und kreuzen Sie dann den breiten Gendarmen. Gehen Sie weiter entlang einer leichten Schr\u00e4ge und dann einem schmalen Sprung. Gehen Sie um die beiden kleinen H\u00f6rner herum zum S und erreichen Sie dann schnell den Draht. Beenden Sie den Weg mit einem angenehmen Anstieg, dann f\u00fchrt ein Schornstein zum Gipfel.<\/li>\n<\/ul>\n<hr>\n<p><b>Pigne d&#8217;Arolla ( 3796 m ) : <\/b>Von der H\u00fctte aus 3h; F.<\/p>\n<ul>\n<li>Steigen Sie zum Cheilon-Gletscher hinab und erreichen Sie dann den Tsena R\u00e9fien-Gletscher. Halten Sie sich an die linke Seite, um die am meisten geknackten Stellen zu vermeiden. Kopf f\u00fcr den Serpentinenpass. Verlassen Sie die Route Col de la Serpentine, um sich dem NE-R\u00fccken der Serpentine (Mur de la Serpentine) anzuschlie\u00dfen. Climb this snowy slope then reach the Col du Brenay. Erreichen Sie den Gipfel \u00fcber easy Firn.<\/li>\n<\/ul>\n<hr>\n<p><b>La Luette ( 3583 m ): <\/b>Leichte Wanderung oder Skifahren auf dem Gletscher, 2 bis 3 Stunden von der H\u00fctte bis zum Gipfel.<\/p>\n<p><b>The <\/b><b>Pleureur ( 3704 m ) <\/b> <\/p>\n<p><b>La Ruinette ( 3875 m ) :<\/b><\/p>\n<p>NE ridge: Du Mont-Blanc de Cheilon 4.5h; AD+.<\/p>\n<p>(Nice run offering 2km of ridge; avoid if isotherm below 3500m).<\/p>\n<ul>\n<li>Vom Schneedom Mont-Blanc de Cheilon aus folgen Sie dem Grat bis zu seinem tiefsten Punkt (3695). Folge dem Faden weiter und achte darauf, dass du keine Ledges nach S\u00fcden ausweichst. Der Steilhang weist eine felsige Schulter (3770) am Fu\u00df des Gipfels auf. Klettern wird schwierig. Der Gros Gendarme wird \u00fcber einen vertikalen Schornstein (IV) auf der rechten Seite der Felswand bestiegen. Schlie\u00dflich erreichen Sie den Gipfel in nur wenigen Minuten.<\/li>\n<\/ul>\n<hr>\n<p><b>Ein Besuch bei unseren Nachbarn von der Cabane des Dix:<\/b><\/p>\n<ul>\n<li>Prafleuri H\u00fctte \u00fcber Dixence dam und Col des Roux<\/li>\n<li>Cabane des Aiguilles Rouges \u00fcber Col des Ignes or Pas de Ch\u00e8vres<\/li>\n<li>Cabane des Vignettes \u00fcber Pigne d&#8217;Arolla or Pas de Ch\u00e8vres<\/li>\n<li>Cabane de Chanrion \u00fcber die drei P\u00e4sse. Cheilon, Mt-Rouge und Lire Rose<\/li>\n<\/ul>\n<\/div>\n<\/section>\n\t\t\t\t\t\t<\/div>\n\t\t\t\t<\/div>\n\t\t\t\t\t<\/div>\n\t\t\t\t<\/div>\n\t\t\t\t<\/div>\n\t\t","protected":false},"excerpt":{"rendered":"<p>Skitouring-Ziele Mt Blanc de Cheilon ( 3870 m ) : Hier finden Sie die g\u00e4ngigsten Routen. Verschiedene Varianten sind m\u00f6glich. Das Reisef\u00fchrerbuch ist in der H\u00fctte erh\u00e4ltlich. WNW und SW Ridge (normale Route): Vom Col de Cheilon 3h; F bis PD. Folgen Sie dem felsigen Grat ab dem Col de Cheilon (3243). Dieser Kamm wird [&hellip;]<\/p>\n","protected":false},"author":1,"featured_media":0,"parent":0,"menu_order":0,"comment_status":"closed","ping_status":"closed","template":"","meta":{"footnotes":""},"class_list":["post-866","page","type-page","status-publish","hentry"],"_links":{"self":[{"href":"https:\/\/cabanedesdix.com\/de\/wp-json\/wp\/v2\/pages\/866","targetHints":{"allow":["GET"]}}],"collection":[{"href":"https:\/\/cabanedesdix.com\/de\/wp-json\/wp\/v2\/pages"}],"about":[{"href":"https:\/\/cabanedesdix.com\/de\/wp-json\/wp\/v2\/types\/page"}],"author":[{"embeddable":true,"href":"https:\/\/cabanedesdix.com\/de\/wp-json\/wp\/v2\/users\/1"}],"replies":[{"embeddable":true,"href":"https:\/\/cabanedesdix.com\/de\/wp-json\/wp\/v2\/comments?post=866"}],"version-history":[{"count":0,"href":"https:\/\/cabanedesdix.com\/de\/wp-json\/wp\/v2\/pages\/866\/revisions"}],"wp:attachment":[{"href":"https:\/\/cabanedesdix.com\/de\/wp-json\/wp\/v2\/media?parent=866"}],"curies":[{"name":"wp","href":"https:\/\/api.w.org\/{rel}","templated":true}]}}