{"id":832,"date":"2024-03-27T18:26:04","date_gmt":"2024-03-27T17:26:04","guid":{"rendered":"https:\/\/cabanedesdix.com\/zugang\/"},"modified":"2024-03-29T10:09:19","modified_gmt":"2024-03-29T09:09:19","slug":"zugang","status":"publish","type":"page","link":"https:\/\/cabanedesdix.com\/de\/zugang\/","title":{"rendered":"Zugang"},"content":{"rendered":"\t\t<div data-elementor-type=\"wp-page\" data-elementor-id=\"832\" class=\"elementor elementor-832\" data-elementor-post-type=\"page\">\n\t\t\t\t<div class=\"elementor-element elementor-element-9fe0a75 e-flex e-con-boxed e-con e-parent\" data-id=\"9fe0a75\" data-element_type=\"container\">\n\t\t\t\t\t<div class=\"e-con-inner\">\n\t\t\t\t<div class=\"elementor-element elementor-element-2cbabd3 elementor-tabs-alignment-center elementor-tabs-view-horizontal elementor-widget elementor-widget-tabs\" data-id=\"2cbabd3\" data-element_type=\"widget\" data-widget_type=\"tabs.default\">\n\t\t\t\t<div class=\"elementor-widget-container\">\n\t\t\t<style>\/*! elementor - v3.21.0 - 08-05-2024 *\/\n.elementor-widget-tabs.elementor-tabs-view-vertical .elementor-tabs-wrapper{width:25%;flex-shrink:0}.elementor-widget-tabs.elementor-tabs-view-vertical .elementor-tab-desktop-title.elementor-active{border-inline-end-style:none}.elementor-widget-tabs.elementor-tabs-view-vertical .elementor-tab-desktop-title.elementor-active:after,.elementor-widget-tabs.elementor-tabs-view-vertical .elementor-tab-desktop-title.elementor-active:before{height:999em;width:0;right:0;border-inline-end-style:solid}.elementor-widget-tabs.elementor-tabs-view-vertical .elementor-tab-desktop-title.elementor-active:before{top:0;transform:translateY(-100%)}.elementor-widget-tabs.elementor-tabs-view-vertical .elementor-tab-desktop-title.elementor-active:after{top:100%}.elementor-widget-tabs.elementor-tabs-view-horizontal .elementor-tab-desktop-title{display:table-cell}.elementor-widget-tabs.elementor-tabs-view-horizontal .elementor-tab-desktop-title.elementor-active{border-bottom-style:none}.elementor-widget-tabs.elementor-tabs-view-horizontal .elementor-tab-desktop-title.elementor-active:after,.elementor-widget-tabs.elementor-tabs-view-horizontal .elementor-tab-desktop-title.elementor-active:before{bottom:0;height:0;width:999em;border-bottom-style:solid}.elementor-widget-tabs.elementor-tabs-view-horizontal .elementor-tab-desktop-title.elementor-active:before{right:100%}.elementor-widget-tabs.elementor-tabs-view-horizontal .elementor-tab-desktop-title.elementor-active:after{left:100%}.elementor-widget-tabs .elementor-tab-content,.elementor-widget-tabs .elementor-tab-title,.elementor-widget-tabs .elementor-tab-title:after,.elementor-widget-tabs .elementor-tab-title:before,.elementor-widget-tabs .elementor-tabs-content-wrapper{border:1px #d5d8dc}.elementor-widget-tabs .elementor-tabs{text-align:start}.elementor-widget-tabs .elementor-tabs-wrapper{overflow:hidden}.elementor-widget-tabs .elementor-tab-title{cursor:pointer;outline:var(--focus-outline,none)}.elementor-widget-tabs .elementor-tab-desktop-title{position:relative;padding:20px 25px;font-weight:700;line-height:1;border:solid transparent}.elementor-widget-tabs .elementor-tab-desktop-title.elementor-active{border-color:#d5d8dc}.elementor-widget-tabs .elementor-tab-desktop-title.elementor-active:after,.elementor-widget-tabs .elementor-tab-desktop-title.elementor-active:before{display:block;content:\"\";position:absolute}.elementor-widget-tabs .elementor-tab-desktop-title:focus-visible{border:1px solid #000}.elementor-widget-tabs .elementor-tab-mobile-title{padding:10px;cursor:pointer}.elementor-widget-tabs .elementor-tab-content{padding:20px;display:none}@media (max-width:767px){.elementor-tabs .elementor-tab-content,.elementor-tabs .elementor-tab-title{border-style:solid solid none}.elementor-tabs .elementor-tabs-wrapper{display:none}.elementor-tabs .elementor-tabs-content-wrapper{border-bottom-style:solid}.elementor-tabs .elementor-tab-content{padding:10px}}@media (min-width:768px){.elementor-widget-tabs.elementor-tabs-view-vertical .elementor-tabs{display:flex}.elementor-widget-tabs.elementor-tabs-view-vertical .elementor-tabs-wrapper{flex-direction:column}.elementor-widget-tabs.elementor-tabs-view-vertical .elementor-tabs-content-wrapper{flex-grow:1;border-style:solid solid solid none}.elementor-widget-tabs.elementor-tabs-view-horizontal .elementor-tab-content{border-style:none solid solid}.elementor-widget-tabs.elementor-tabs-alignment-center .elementor-tabs-wrapper,.elementor-widget-tabs.elementor-tabs-alignment-end .elementor-tabs-wrapper,.elementor-widget-tabs.elementor-tabs-alignment-stretch .elementor-tabs-wrapper{display:flex}.elementor-widget-tabs.elementor-tabs-alignment-center .elementor-tabs-wrapper{justify-content:center}.elementor-widget-tabs.elementor-tabs-alignment-end .elementor-tabs-wrapper{justify-content:flex-end}.elementor-widget-tabs.elementor-tabs-alignment-stretch.elementor-tabs-view-horizontal .elementor-tab-title{width:100%}.elementor-widget-tabs.elementor-tabs-alignment-stretch.elementor-tabs-view-vertical .elementor-tab-title{height:100%}.elementor-tabs .elementor-tab-mobile-title{display:none}}<\/style>\t\t<div class=\"elementor-tabs\">\n\t\t\t<div class=\"elementor-tabs-wrapper\" role=\"tablist\" >\n\t\t\t\t\t\t\t\t\t<div id=\"elementor-tab-title-4691\" class=\"elementor-tab-title elementor-tab-desktop-title\" aria-selected=\"true\" data-tab=\"1\" role=\"tab\" tabindex=\"0\" aria-controls=\"elementor-tab-content-4691\" aria-expanded=\"false\">Fr\u00fchling<\/div>\n\t\t\t\t\t\t\t\t\t<div id=\"elementor-tab-title-4692\" class=\"elementor-tab-title elementor-tab-desktop-title\" aria-selected=\"false\" data-tab=\"2\" role=\"tab\" tabindex=\"-1\" aria-controls=\"elementor-tab-content-4692\" aria-expanded=\"false\">Sommer<\/div>\n\t\t\t\t\t\t\t<\/div>\n\t\t\t<div class=\"elementor-tabs-content-wrapper\" role=\"tablist\" aria-orientation=\"vertical\">\n\t\t\t\t\t\t\t\t\t<div class=\"elementor-tab-title elementor-tab-mobile-title\" aria-selected=\"true\" data-tab=\"1\" role=\"tab\" tabindex=\"0\" aria-controls=\"elementor-tab-content-4691\" aria-expanded=\"false\">Fr\u00fchling<\/div>\n\t\t\t\t\t<div id=\"elementor-tab-content-4691\" class=\"elementor-tab-content elementor-clearfix\" data-tab=\"1\" role=\"tabpanel\" aria-labelledby=\"elementor-tab-title-4691\" tabindex=\"0\" hidden=\"false\"><p><em><strong>Arolla :<\/strong><\/em><\/p>\n<p>Sie k\u00f6nnen die Arolla-Lifte nehmen, um 400 m Steigung zu sparen.<\/p>\n<p>F\u00fcr die athletischeren unter Ihnen ist der Start vom Parkplatz Arolla. You walk up the slopes to the top of the lifts. Verlassen Sie die Skipisten und fahren Sie nach Westen. Zu Ihrer Linken \u00fcberblicken die beeindruckenden Seracs des Tsijiore-Neugletschers das Tal. Bleiben Sie am unteren Ende des letzteren, um die exponierteren Abh\u00e4nge an den Seiten zu meiden. Auf 2738m gehen Sie weiter nach Westen zum Gipfel des Pas-de-Ch\u00e8vre. Der Col de Riedmatten ist im Winter nicht passierbar. Nehmen Sie sich einen Moment Zeit, um das Panorama zu betrachten. Steigen Sie die Leitern und Mor\u00e4nen zum Cheilon-Gletscher hinab. \u00dcberqueren Sie den Gletscher in einer geraden Linie bis zur westlichen Seitenmor\u00e4ne. Nur noch ein paar Umrechnungen und Sie stehen vor der Cabane des Dix, wo eine Tasse hei\u00dfer Tee auf Sie wartet.<\/p>\n<p><img fetchpriority=\"high\" decoding=\"async\" class=\"alignnone wp-image-87 size-full\" src=\"https:\/\/cabanedesdix.com\/wp-content\/uploads\/2024\/03\/itineraire_cabane_des_dix_printemps-1.jpg\" alt=\"\" width=\"1588\" height=\"998\" srcset=\"https:\/\/cabanedesdix.com\/wp-content\/uploads\/2024\/03\/itineraire_cabane_des_dix_printemps-1.jpg 1588w, https:\/\/cabanedesdix.com\/wp-content\/uploads\/2024\/03\/itineraire_cabane_des_dix_printemps-1-300x189.jpg 300w, https:\/\/cabanedesdix.com\/wp-content\/uploads\/2024\/03\/itineraire_cabane_des_dix_printemps-1-1024x644.jpg 1024w, https:\/\/cabanedesdix.com\/wp-content\/uploads\/2024\/03\/itineraire_cabane_des_dix_printemps-1-768x483.jpg 768w, https:\/\/cabanedesdix.com\/wp-content\/uploads\/2024\/03\/itineraire_cabane_des_dix_printemps-1-1536x965.jpg 1536w\" sizes=\"(max-width: 1588px) 100vw, 1588px\" \/><\/p>\n<\/div>\n\t\t\t\t\t\t\t\t\t<div class=\"elementor-tab-title elementor-tab-mobile-title\" aria-selected=\"false\" data-tab=\"2\" role=\"tab\" tabindex=\"-1\" aria-controls=\"elementor-tab-content-4692\" aria-expanded=\"false\">Sommer<\/div>\n\t\t\t\t\t<div id=\"elementor-tab-content-4692\" class=\"elementor-tab-content elementor-clearfix\" data-tab=\"2\" role=\"tabpanel\" aria-labelledby=\"elementor-tab-title-4692\" tabindex=\"0\" hidden=\"hidden\"><p>Lorem ipsum dolor sit amet, consectetur adipiscing elit. Ut elit tellus, luctus nec ullamcorper mattis, pulvinar dapibus leo.<\/p>\n<\/div>\n\t\t\t\t\t\t\t<\/div>\n\t\t<\/div>\n\t\t\t\t<\/div>\n\t\t\t\t<\/div>\n\t\t\t\t\t<\/div>\n\t\t\t\t<\/div>\n\t\t\t\t<\/div>\n\t\t","protected":false},"excerpt":{"rendered":"<p>Fr\u00fchling Sommer Fr\u00fchling Arolla : Sie k\u00f6nnen die Arolla-Lifte nehmen, um 400 m Steigung zu sparen. F\u00fcr die athletischeren unter Ihnen ist der Start vom Parkplatz Arolla. You walk up the slopes to the top of the lifts. Verlassen Sie die Skipisten und fahren Sie nach Westen. Zu Ihrer Linken \u00fcberblicken die beeindruckenden Seracs des [&hellip;]<\/p>\n","protected":false},"author":1,"featured_media":0,"parent":0,"menu_order":0,"comment_status":"closed","ping_status":"closed","template":"","meta":{"footnotes":""},"class_list":["post-832","page","type-page","status-publish","hentry"],"_links":{"self":[{"href":"https:\/\/cabanedesdix.com\/de\/wp-json\/wp\/v2\/pages\/832","targetHints":{"allow":["GET"]}}],"collection":[{"href":"https:\/\/cabanedesdix.com\/de\/wp-json\/wp\/v2\/pages"}],"about":[{"href":"https:\/\/cabanedesdix.com\/de\/wp-json\/wp\/v2\/types\/page"}],"author":[{"embeddable":true,"href":"https:\/\/cabanedesdix.com\/de\/wp-json\/wp\/v2\/users\/1"}],"replies":[{"embeddable":true,"href":"https:\/\/cabanedesdix.com\/de\/wp-json\/wp\/v2\/comments?post=832"}],"version-history":[{"count":0,"href":"https:\/\/cabanedesdix.com\/de\/wp-json\/wp\/v2\/pages\/832\/revisions"}],"wp:attachment":[{"href":"https:\/\/cabanedesdix.com\/de\/wp-json\/wp\/v2\/media?parent=832"}],"curies":[{"name":"wp","href":"https:\/\/api.w.org\/{rel}","templated":true}]}}