{"id":803,"date":"2024-03-27T18:26:04","date_gmt":"2024-03-27T17:26:04","guid":{"rendered":"https:\/\/cabanedesdix.com\/routen\/"},"modified":"2025-01-30T15:19:16","modified_gmt":"2025-01-30T14:19:16","slug":"routen","status":"publish","type":"page","link":"https:\/\/cabanedesdix.com\/de\/routen\/","title":{"rendered":"Routen"},"content":{"rendered":"\t\t<div data-elementor-type=\"wp-page\" data-elementor-id=\"803\" class=\"elementor elementor-803 elementor-55\" data-elementor-post-type=\"page\">\n\t\t\t\t<div class=\"elementor-element elementor-element-40ec14f e-flex e-con-boxed e-con e-parent\" data-id=\"40ec14f\" data-element_type=\"container\">\n\t\t\t\t\t<div class=\"e-con-inner\">\n\t\t\t\t<div class=\"elementor-element elementor-element-d532b8d elementor-widget elementor-widget-heading\" data-id=\"d532b8d\" data-element_type=\"widget\" data-widget_type=\"heading.default\">\n\t\t\t\t<div class=\"elementor-widget-container\">\n\t\t\t<style>\/*! elementor - v3.21.0 - 08-05-2024 *\/\n.elementor-heading-title{padding:0;margin:0;line-height:1}.elementor-widget-heading .elementor-heading-title[class*=elementor-size-]>a{color:inherit;font-size:inherit;line-height:inherit}.elementor-widget-heading .elementor-heading-title.elementor-size-small{font-size:15px}.elementor-widget-heading .elementor-heading-title.elementor-size-medium{font-size:19px}.elementor-widget-heading .elementor-heading-title.elementor-size-large{font-size:29px}.elementor-widget-heading .elementor-heading-title.elementor-size-xl{font-size:39px}.elementor-widget-heading .elementor-heading-title.elementor-size-xxl{font-size:59px}<\/style><h2 class=\"elementor-heading-title elementor-size-default\">Routen<\/h2>\t\t<\/div>\n\t\t\t\t<\/div>\n\t\t\t\t\t<\/div>\n\t\t\t\t<\/div>\n\t\t<div class=\"elementor-element elementor-element-9fe0a75 e-flex e-con-boxed e-con e-parent\" data-id=\"9fe0a75\" data-element_type=\"container\">\n\t\t\t\t\t<div class=\"e-con-inner\">\n\t\t\t\t<div class=\"elementor-element elementor-element-8234410 elementor-widget elementor-widget-heading\" data-id=\"8234410\" data-element_type=\"widget\" data-widget_type=\"heading.default\">\n\t\t\t\t<div class=\"elementor-widget-container\">\n\t\t\t<h2 class=\"elementor-heading-title elementor-size-default\">Zugang<\/h2>\t\t<\/div>\n\t\t\t\t<\/div>\n\t\t\t\t<div class=\"elementor-element elementor-element-2cbabd3 elementor-tabs-alignment-center elementor-tabs-view-horizontal elementor-widget elementor-widget-tabs\" data-id=\"2cbabd3\" data-element_type=\"widget\" data-widget_type=\"tabs.default\">\n\t\t\t\t<div class=\"elementor-widget-container\">\n\t\t\t<style>\/*! elementor - v3.21.0 - 08-05-2024 *\/\n.elementor-widget-tabs.elementor-tabs-view-vertical .elementor-tabs-wrapper{width:25%;flex-shrink:0}.elementor-widget-tabs.elementor-tabs-view-vertical .elementor-tab-desktop-title.elementor-active{border-inline-end-style:none}.elementor-widget-tabs.elementor-tabs-view-vertical .elementor-tab-desktop-title.elementor-active:after,.elementor-widget-tabs.elementor-tabs-view-vertical .elementor-tab-desktop-title.elementor-active:before{height:999em;width:0;right:0;border-inline-end-style:solid}.elementor-widget-tabs.elementor-tabs-view-vertical .elementor-tab-desktop-title.elementor-active:before{top:0;transform:translateY(-100%)}.elementor-widget-tabs.elementor-tabs-view-vertical .elementor-tab-desktop-title.elementor-active:after{top:100%}.elementor-widget-tabs.elementor-tabs-view-horizontal .elementor-tab-desktop-title{display:table-cell}.elementor-widget-tabs.elementor-tabs-view-horizontal .elementor-tab-desktop-title.elementor-active{border-bottom-style:none}.elementor-widget-tabs.elementor-tabs-view-horizontal .elementor-tab-desktop-title.elementor-active:after,.elementor-widget-tabs.elementor-tabs-view-horizontal .elementor-tab-desktop-title.elementor-active:before{bottom:0;height:0;width:999em;border-bottom-style:solid}.elementor-widget-tabs.elementor-tabs-view-horizontal .elementor-tab-desktop-title.elementor-active:before{right:100%}.elementor-widget-tabs.elementor-tabs-view-horizontal .elementor-tab-desktop-title.elementor-active:after{left:100%}.elementor-widget-tabs .elementor-tab-content,.elementor-widget-tabs .elementor-tab-title,.elementor-widget-tabs .elementor-tab-title:after,.elementor-widget-tabs .elementor-tab-title:before,.elementor-widget-tabs .elementor-tabs-content-wrapper{border:1px #d5d8dc}.elementor-widget-tabs .elementor-tabs{text-align:start}.elementor-widget-tabs .elementor-tabs-wrapper{overflow:hidden}.elementor-widget-tabs .elementor-tab-title{cursor:pointer;outline:var(--focus-outline,none)}.elementor-widget-tabs .elementor-tab-desktop-title{position:relative;padding:20px 25px;font-weight:700;line-height:1;border:solid transparent}.elementor-widget-tabs .elementor-tab-desktop-title.elementor-active{border-color:#d5d8dc}.elementor-widget-tabs .elementor-tab-desktop-title.elementor-active:after,.elementor-widget-tabs .elementor-tab-desktop-title.elementor-active:before{display:block;content:\"\";position:absolute}.elementor-widget-tabs .elementor-tab-desktop-title:focus-visible{border:1px solid #000}.elementor-widget-tabs .elementor-tab-mobile-title{padding:10px;cursor:pointer}.elementor-widget-tabs .elementor-tab-content{padding:20px;display:none}@media (max-width:767px){.elementor-tabs .elementor-tab-content,.elementor-tabs .elementor-tab-title{border-style:solid solid none}.elementor-tabs .elementor-tabs-wrapper{display:none}.elementor-tabs .elementor-tabs-content-wrapper{border-bottom-style:solid}.elementor-tabs .elementor-tab-content{padding:10px}}@media (min-width:768px){.elementor-widget-tabs.elementor-tabs-view-vertical .elementor-tabs{display:flex}.elementor-widget-tabs.elementor-tabs-view-vertical .elementor-tabs-wrapper{flex-direction:column}.elementor-widget-tabs.elementor-tabs-view-vertical .elementor-tabs-content-wrapper{flex-grow:1;border-style:solid solid solid none}.elementor-widget-tabs.elementor-tabs-view-horizontal .elementor-tab-content{border-style:none solid solid}.elementor-widget-tabs.elementor-tabs-alignment-center .elementor-tabs-wrapper,.elementor-widget-tabs.elementor-tabs-alignment-end .elementor-tabs-wrapper,.elementor-widget-tabs.elementor-tabs-alignment-stretch .elementor-tabs-wrapper{display:flex}.elementor-widget-tabs.elementor-tabs-alignment-center .elementor-tabs-wrapper{justify-content:center}.elementor-widget-tabs.elementor-tabs-alignment-end .elementor-tabs-wrapper{justify-content:flex-end}.elementor-widget-tabs.elementor-tabs-alignment-stretch.elementor-tabs-view-horizontal .elementor-tab-title{width:100%}.elementor-widget-tabs.elementor-tabs-alignment-stretch.elementor-tabs-view-vertical .elementor-tab-title{height:100%}.elementor-tabs .elementor-tab-mobile-title{display:none}}<\/style>\t\t<div class=\"elementor-tabs\">\n\t\t\t<div class=\"elementor-tabs-wrapper\" role=\"tablist\" >\n\t\t\t\t\t\t\t\t\t<div id=\"elementor-tab-title-4691\" class=\"elementor-tab-title elementor-tab-desktop-title\" aria-selected=\"true\" data-tab=\"1\" role=\"tab\" tabindex=\"0\" aria-controls=\"elementor-tab-content-4691\" aria-expanded=\"false\">Fr\u00fchling<\/div>\n\t\t\t\t\t\t\t\t\t<div id=\"elementor-tab-title-4692\" class=\"elementor-tab-title elementor-tab-desktop-title\" aria-selected=\"false\" data-tab=\"2\" role=\"tab\" tabindex=\"-1\" aria-controls=\"elementor-tab-content-4692\" aria-expanded=\"false\">Sommer<\/div>\n\t\t\t\t\t\t\t<\/div>\n\t\t\t<div class=\"elementor-tabs-content-wrapper\" role=\"tablist\" aria-orientation=\"vertical\">\n\t\t\t\t\t\t\t\t\t<div class=\"elementor-tab-title elementor-tab-mobile-title\" aria-selected=\"true\" data-tab=\"1\" role=\"tab\" tabindex=\"0\" aria-controls=\"elementor-tab-content-4691\" aria-expanded=\"false\">Fr\u00fchling<\/div>\n\t\t\t\t\t<div id=\"elementor-tab-content-4691\" class=\"elementor-tab-content elementor-clearfix\" data-tab=\"1\" role=\"tabpanel\" aria-labelledby=\"elementor-tab-title-4691\" tabindex=\"0\" hidden=\"false\"><p><em><strong>Arolla :<\/strong><\/em> Es ist m\u00f6glich, die Arolla-Lifte zu benutzen, um 400 H\u00f6henmeter einzusparen. F\u00fcr die Sportlicheren unter Ihnen ist der Start am Parkplatz von Arolla. Sie fahren die Pisten entlang bis zur Spitze der Skilifte. Verlassen Sie die Skipisten und gehen Sie in Richtung Westen. Zu Ihrer Linken befinden sich die beeindruckenden Seracs des Tsijiore Nouve-Gletschers, die das Tal \u00fcberragen. Bleiben Sie im unteren Bereich des letzteren, um die exponierteren H\u00e4nge an den Seiten zu vermeiden. Auf 2738m gehen Sie in westlicher Richtung weiter bis zum Gipfel des Pas-de-Ch\u00e8vre. Der Col de Riedmatten ist n\u00e4mlich im Winter nicht befahrbar. Nehmen Sie sich einen Moment Zeit, um das Panorama zu betrachten. Steigen Sie die Leitern und die Mor\u00e4ne hinab, bis Sie den Cheilon-Gletscher erreichen. \u00dcberqueren Sie den Gletscher in gerader Linie bis zur westlichen Seitenmor\u00e4ne. Nur noch wenige Konversionen und Sie stehen vor der Cabane des Dix, wo ein hei\u00dfer Tee auf Sie wartet.  <\/p>\n<p><iframe src=\"https:\/\/map.geo.admin.ch\/#\/embed?lang=en&amp;center=2600425.54,1096014.71&amp;z=6.508&amp;topic=ech&amp;layers=ch.swisstopo.zeitreihen@year=1864,f;ch.bfs.gebaeude_wohnungs_register,f;ch.bav.haltestellen-oev,f;ch.swisstopo.swisstlm3d-wanderwege,f;ch.astra.wanderland-sperrungen_umleitungen,f;KML%7Chttps:\/\/public.geo.admin.ch\/api\/kml\/files\/orWqNJEzTtqKnuI6FN_Now&amp;bgLayer=ch.swisstopo.pixelkarte-farbe&amp;featureInfo=default\" style=\"border: 0;width: 100%;height: 300px;max-width: 100%;max-height: 100%;\" allow=\"geolocation\"><\/iframe><\/p>\n<\/div>\n\t\t\t\t\t\t\t\t\t<div class=\"elementor-tab-title elementor-tab-mobile-title\" aria-selected=\"false\" data-tab=\"2\" role=\"tab\" tabindex=\"-1\" aria-controls=\"elementor-tab-content-4692\" aria-expanded=\"false\">Sommer<\/div>\n\t\t\t\t\t<div id=\"elementor-tab-content-4692\" class=\"elementor-tab-content elementor-clearfix\" data-tab=\"2\" role=\"tabpanel\" aria-labelledby=\"elementor-tab-title-4692\" tabindex=\"0\" hidden=\"hidden\"><p><em><strong>Grande Dixence :<\/strong><\/em><\/p>\n<p>Von der Staumauer Grande Dixence aus f\u00fchrt Sie eine angenehme Wanderung durch die Almen entlang des Lac des Dix bis zum Fu\u00df des Cheilon-Gletschers. Hier beginnt die Anstrengung. Der Weg beginnt zu steigen, um den Gipfel der Seitenmor\u00e4ne auf der linken Seite des Gletschers zu erreichen. Eine H\u00fctte muss man sich verdienen! Ein Blick \u00fcber die Schulter zeigt Ihnen das Val des Dix in seiner ganzen Pracht. Vor Ihnen liegt T\u00eate-Noir, der letzte Schutzwall, der Sie von Ihrem Ziel trennt. Noch eine kleine Anstrengung, ein letzter Aufstieg und das Panorama, das der Cirque de Cheilon bietet, liegt vor Ihnen. Und genau hier, ein paar Dutzend Meter weiter unten, wartet die Cabane des Dix auf Sie, bereit, Ihnen eine wohlverdiente Ruhepause zu g\u00f6nnen.<\/p>\n<hr>\n<p><em><strong>Arolla :  <\/strong><\/em><\/p>\n<p>Im Grand Hotel Kurhaus beginnt Ihre Wanderung. Sie durchqueren den wundersch\u00f6nen Botanischen Garten, bevor Sie mit dem Aufstieg beginnen. Sie gehen dann in Richtung des Ortes &#8222;la Remointse&#8220;. Die Vegetation ver\u00e4ndert sich. Sie verlassen die W\u00e4lder und \u00fcberqueren die Weiden oberhalb des Dorfes Arolla. Zu Ihrer Linken haben Sie einen atemberaubenden Blick auf den Tsijiore Nouve-Gletscher mit seinen beeindruckenden Seracs. Sie passieren die Skilifte von Arolla und gehen in westlicher Richtung weiter, bis Sie eine Schlucht am Fu\u00dfe des Col de Riedmatten erreichen.<\/p>\n<p>Am Punkt 2738m bieten sich Ihnen zwei Wege an. Zu Ihrer Rechten liegt der Col de Riedmatten, der ber\u00fchmte \u00dcbergang der Gletscherpatrouille. Gegen\u00fcber von Ihnen liegt der Pas-de-Ch\u00e8vre mit seinen ber\u00fchmten Leitern.  <strong>Vom Pas-de-Ch\u00e8vre wird derzeit aufgrund von Steinschlag abgeraten.<\/strong><\/p>\n<p>Wenn Sie an einem dieser \u00dcberg\u00e4nge angekommen sind, nehmen Sie sich einen Moment Zeit, um das Panorama zu bewundern. Hinter Ihnen blicken Sie auf einige der ber\u00fchmtesten Walliser Viertausender, und zu Ihrer Linken thront die \u00e4sthetische Mont-Blanc-Pyramide von Cheilon stolz \u00fcber dem Val des Dix.<\/p>\n<p>Die letzte Etappe Ihrer Wanderung beginnt. Folgen Sie der roten Markierung auf den Steinen, um zu einem See am Fu\u00dfe des Cheilon-Gletschers abzusteigen. \u00dcberqueren Sie die Fu\u00dfg\u00e4ngerbr\u00fccke \u00fcber den Bach und gehen Sie dann die Morraine hinauf, um den Weg zu erreichen, der von der Staumauer Grande Dixence kommt.<\/p>\n<\/div>\n\t\t\t\t\t\t\t<\/div>\n\t\t<\/div>\n\t\t\t\t<\/div>\n\t\t\t\t<\/div>\n\t\t\t\t\t<\/div>\n\t\t\t\t<\/div>\n\t\t<div class=\"elementor-element elementor-element-12f5bc7 e-flex e-con-boxed e-con e-parent\" data-id=\"12f5bc7\" data-element_type=\"container\" id=\"itin\" data-settings=\"{&quot;background_background&quot;:&quot;classic&quot;}\">\n\t\t\t\t\t<div class=\"e-con-inner\">\n\t\t\t\t<div class=\"elementor-element elementor-element-b1cc397 elementor-absolute elementor-widget elementor-widget-menu-anchor\" data-id=\"b1cc397\" data-element_type=\"widget\" data-settings=\"{&quot;_position&quot;:&quot;absolute&quot;}\" data-widget_type=\"menu-anchor.default\">\n\t\t\t\t<div class=\"elementor-widget-container\">\n\t\t\t<style>\/*! elementor - v3.21.0 - 08-05-2024 *\/\nbody.elementor-page .elementor-widget-menu-anchor{margin-bottom:0}<\/style>\t\t<div class=\"elementor-menu-anchor\" id=\"Route\"><\/div>\n\t\t\t\t<\/div>\n\t\t\t\t<\/div>\n\t\t\t\t<div class=\"elementor-element elementor-element-3600b90 elementor-widget elementor-widget-heading\" data-id=\"3600b90\" data-element_type=\"widget\" data-widget_type=\"heading.default\">\n\t\t\t\t<div class=\"elementor-widget-container\">\n\t\t\t<h2 class=\"elementor-heading-title elementor-size-default\">Routen<\/h2>\t\t<\/div>\n\t\t\t\t<\/div>\n\t\t\t\t<div class=\"elementor-element elementor-element-5f19fc0 elementor-mobile-align-justify elementor-widget elementor-widget-button\" data-id=\"5f19fc0\" data-element_type=\"widget\" data-widget_type=\"button.default\">\n\t\t\t\t<div class=\"elementor-widget-container\">\n\t\t\t\t\t<div class=\"elementor-button-wrapper\">\n\t\t\t<a class=\"elementor-button elementor-button-link elementor-size-sm\" href=\"#\">\n\t\t\t\t\t\t<span class=\"elementor-button-content-wrapper\">\n\t\t\t\t\t\t\t\t\t<span class=\"elementor-button-text\">Alle Routen auf Camptocamp ansehen<\/span>\n\t\t\t\t\t<\/span>\n\t\t\t\t\t<\/a>\n\t\t<\/div>\n\t\t\t\t<\/div>\n\t\t\t\t<\/div>\n\t\t\t\t<div class=\"elementor-element elementor-element-b534b74 elementor-tabs-view-horizontal elementor-widget elementor-widget-tabs\" data-id=\"b534b74\" data-element_type=\"widget\" data-widget_type=\"tabs.default\">\n\t\t\t\t<div class=\"elementor-widget-container\">\n\t\t\t\t\t<div class=\"elementor-tabs\">\n\t\t\t<div class=\"elementor-tabs-wrapper\" role=\"tablist\" >\n\t\t\t\t\t\t\t\t\t<div id=\"elementor-tab-title-1901\" class=\"elementor-tab-title elementor-tab-desktop-title\" aria-selected=\"true\" data-tab=\"1\" role=\"tab\" tabindex=\"0\" aria-controls=\"elementor-tab-content-1901\" aria-expanded=\"false\">Mt Blanc de Cheilon ( 3870 m )<\/div>\n\t\t\t\t\t\t\t\t\t<div id=\"elementor-tab-title-1902\" class=\"elementor-tab-title elementor-tab-desktop-title\" aria-selected=\"false\" data-tab=\"2\" role=\"tab\" tabindex=\"-1\" aria-controls=\"elementor-tab-content-1902\" aria-expanded=\"false\">Pigne d'Arolla ( 3796 m )<\/div>\n\t\t\t\t\t\t\t\t\t<div id=\"elementor-tab-title-1903\" class=\"elementor-tab-title elementor-tab-desktop-title\" aria-selected=\"false\" data-tab=\"3\" role=\"tab\" tabindex=\"-1\" aria-controls=\"elementor-tab-content-1903\" aria-expanded=\"false\">La Luette ( 3583 m )<\/div>\n\t\t\t\t\t\t\t\t\t<div id=\"elementor-tab-title-1904\" class=\"elementor-tab-title elementor-tab-desktop-title\" aria-selected=\"false\" data-tab=\"4\" role=\"tab\" tabindex=\"-1\" aria-controls=\"elementor-tab-content-1904\" aria-expanded=\"false\">La Ruinette ( 3875 m )<\/div>\n\t\t\t\t\t\t\t\t\t<div id=\"elementor-tab-title-1905\" class=\"elementor-tab-title elementor-tab-desktop-title\" aria-selected=\"false\" data-tab=\"5\" role=\"tab\" tabindex=\"-1\" aria-controls=\"elementor-tab-content-1905\" aria-expanded=\"false\">Die Nachbarn<\/div>\n\t\t\t\t\t\t\t<\/div>\n\t\t\t<div class=\"elementor-tabs-content-wrapper\" role=\"tablist\" aria-orientation=\"vertical\">\n\t\t\t\t\t\t\t\t\t<div class=\"elementor-tab-title elementor-tab-mobile-title\" aria-selected=\"true\" data-tab=\"1\" role=\"tab\" tabindex=\"0\" aria-controls=\"elementor-tab-content-1901\" aria-expanded=\"false\">Mt Blanc de Cheilon ( 3870 m )<\/div>\n\t\t\t\t\t<div id=\"elementor-tab-content-1901\" class=\"elementor-tab-content elementor-clearfix\" data-tab=\"1\" role=\"tabpanel\" aria-labelledby=\"elementor-tab-title-1901\" tabindex=\"0\" hidden=\"false\"><p>Hier finden Sie die g\u00e4ngigsten Wege. Mehrere Varianten sind m\u00f6glich. Das Topo ist in der H\u00fctte erh\u00e4ltlich.<\/p>\n<p>WNW- und SW-Grat (Normalweg) : Vom Col de Cheilon 3h; F bis PD.<\/p>\n<ul>\n<li>Folgen Sie dem felsigen Grat ab dem Col de Cheilon (3243). Dieser Grat wird bei P. 3496 schneebedeckt und breit. Gehen Sie zum Sattel bei P. 3774 zwischen dem Gipfel und dem Schneedom. Von hier aus folgen Sie dem schmalen, dann steilen SW-Grat bis zum Gipfel.<\/li>\n<\/ul>\n<p>NNW-Grat (Gallet) : Von der H\u00fctte 5h; AD.<\/p>\n<ul>\n<li>Gehen Sie den Cheilon-Gletscher hinauf und erreichen Sie dann den kleinen Sattel s\u00fcdlich des Clocher de Cheilon. Folgen Sie dem Grat bis zum Gendarmen, der sich in der Mitte des Grates befindet. Auf der E-Seite umgehen und dann wieder auf den Grat zur\u00fcckkehren. Das Ende des Weges weist zahlreiche Spr\u00fcnge in nicht immer sehr festem Fels auf.<\/li>\n<\/ul>\n<p>Nordwand: Von der H\u00fctte 6:30 h; TD-.<\/p>\n<ul>\n<li>Gehen Sie den Cheilon-Gletscher hinauf und erreichen Sie dann den kleinen Sattel s\u00fcdlich des Clocher de Cheilon. \u00dcberqueren Sie die Rimaye am Fu\u00df der Wand und gewinnen Sie dann die Felsen auf der linken Seite des Couloirs. Wenn sich der Korridor verbreitert, nehmen Sie den oberen Teil des Firns. Gehen Sie teilweise \u00fcber die Felsen, die ihn begrenzen. Erreichen Sie einen Ausl\u00e4ufer auf der linken Seite, der Sie ein wenig rechts vom Gipfel bringt. Zwei V-Passagen.<\/li>\n<\/ul>\n<p>NNE-Grat (Jenkins): 5h; AD+<\/p>\n<ul>\n<li>Von der H\u00fctte aus folgen Sie der Route zum Col de la Serpentine und biegen dann davon ab, um den Fu\u00df des Grates zu erreichen. Passieren Sie die Rimaye auf der linken Seite des Grates. Folgen Sie dem Schneehang und gewinnen Sie dann schnell den Grat. Folgen Sie dem Faden bis zum Gipfel. Die Mitte des Grats besteht aus wenig festen Felsen. Umgehen Sie den letzten Sprung \u00fcber die Nordseite. Nehmen Sie so bald wie m\u00f6glich den Grat wieder auf und folgen Sie ihm bis zum Gipfel.<\/li>\n<\/ul>\n<p>E-Grat: Vom Col de la Serpentine 2 Std. 15 Min.; PD+.<\/p>\n<ul>\n<li>Vom Col de la Serpentine (3547) auf der S-Seite des Grats (m\u00f6gliche Vorspr\u00fcnge im Norden) bis zum Punkt 3819. Folgen Sie dem felsigen Grat und \u00fcberqueren Sie dann den gro\u00dfen Gendarm. Weiter geht es \u00fcber eine einfache Platte und dann \u00fcber einen schmalen \u00dcberhang. Umgehen Sie die beiden kleinen H\u00f6rner auf der S-Seite und erreichen Sie dann schnell den Faden. Zum Schluss eine angenehme Kletterei und dann ein Kamin, der zum Gipfel f\u00fchrt.<\/li>\n<\/ul>\n<\/div>\n\t\t\t\t\t\t\t\t\t<div class=\"elementor-tab-title elementor-tab-mobile-title\" aria-selected=\"false\" data-tab=\"2\" role=\"tab\" tabindex=\"-1\" aria-controls=\"elementor-tab-content-1902\" aria-expanded=\"false\">Pigne d'Arolla ( 3796 m )<\/div>\n\t\t\t\t\t<div id=\"elementor-tab-content-1902\" class=\"elementor-tab-content elementor-clearfix\" data-tab=\"2\" role=\"tabpanel\" aria-labelledby=\"elementor-tab-title-1902\" tabindex=\"0\" hidden=\"hidden\"><p>Von der H\u00fctte 3h; F.<\/p>\n<p>Steigen Sie \u00fcber den Cheilon-Gletscher hinab und erreichen Sie den Tsena R\u00e9fien-Gletscher. Halten Sie sich links, um die am st\u00e4rksten zerkl\u00fcfteten Bereiche zu vermeiden. Gehen Sie in Richtung Serpentine Pass. Verlassen Sie die Route \u00fcber den Col de la Serpentine, um den NE-R\u00fccken der Serpentine (Serpentine-Wand) zu erreichen. Erklimmen Sie diesen Schneehang und erreichen Sie dann den Col du Brenay. \u00dcber leichten Firn erreichen Sie den Gipfel.<\/p>\n<\/div>\n\t\t\t\t\t\t\t\t\t<div class=\"elementor-tab-title elementor-tab-mobile-title\" aria-selected=\"false\" data-tab=\"3\" role=\"tab\" tabindex=\"-1\" aria-controls=\"elementor-tab-content-1903\" aria-expanded=\"false\">La Luette ( 3583 m )<\/div>\n\t\t\t\t\t<div id=\"elementor-tab-content-1903\" class=\"elementor-tab-content elementor-clearfix\" data-tab=\"3\" role=\"tabpanel\" aria-labelledby=\"elementor-tab-title-1903\" tabindex=\"0\" hidden=\"hidden\"><p><b><\/b>Leichte Tour mit Wanderung oder Skifahren auf dem Gletscher, 2h bis 3h von der H\u00fctte bis zum Gipfel.<\/p>\n<\/div>\n\t\t\t\t\t\t\t\t\t<div class=\"elementor-tab-title elementor-tab-mobile-title\" aria-selected=\"false\" data-tab=\"4\" role=\"tab\" tabindex=\"-1\" aria-controls=\"elementor-tab-content-1904\" aria-expanded=\"false\">La Ruinette ( 3875 m )<\/div>\n\t\t\t\t\t<div id=\"elementor-tab-content-1904\" class=\"elementor-tab-content elementor-clearfix\" data-tab=\"4\" role=\"tabpanel\" aria-labelledby=\"elementor-tab-title-1904\" tabindex=\"0\" hidden=\"hidden\"><p>NE-Grat: Du Mont-Blanc de Cheilon 4.5h; AD+.<\/p>\n<p>(Sch\u00f6ne Tour, die 2km Grat bietet; zu vermeiden, wenn Isotherme unter 3500m).<\/p>\n<p>Vom Schneedom des Montblanc de Cheilon aus folgen Sie dem Grat bis zu seinem tiefsten Punkt (3695). Folgen Sie weiter dem Faden und achten Sie auf m\u00f6gliche Felsvorspr\u00fcnge im S\u00fcden. Der Grat weist am Fu\u00df des Gipfels eine felsige Schulter (3770) auf. Das Klettern wird schwierig. Der gro\u00dfe Gendarm wird \u00fcber einen vertikalen Kamin (IV) auf der rechten Seite des Grates bestiegen. Schlie\u00dflich gewinnen Sie den Gipfel in wenigen Minuten.<\/p>\n<\/div>\n\t\t\t\t\t\t\t\t\t<div class=\"elementor-tab-title elementor-tab-mobile-title\" aria-selected=\"false\" data-tab=\"5\" role=\"tab\" tabindex=\"-1\" aria-controls=\"elementor-tab-content-1905\" aria-expanded=\"false\">Die Nachbarn<\/div>\n\t\t\t\t\t<div id=\"elementor-tab-content-1905\" class=\"elementor-tab-content elementor-clearfix\" data-tab=\"5\" role=\"tabpanel\" aria-labelledby=\"elementor-tab-title-1905\" tabindex=\"0\" hidden=\"hidden\"><p><b>Durchgang zu unseren Nachbarn von der H\u00fctte der Zehn :<\/b><\/p>\n<ul>\n<li>Cabane de Prafleuri \u00fcber Dixence-Staudamm und Col des Roux<\/li>\n<li>Cabane des Aiguilles Rouges \u00fcber Col des Ignes oder Pas de Ch\u00e8vres<\/li>\n<li>Cabane des Vignettes \u00fcber Pigne d&#8217;Arolla oder Pas de Ch\u00e8vres<\/li>\n<li>Cabane de Chanrion \u00fcber die drei P\u00e4sse. Cheilon, Mt-Rouge und Lire Rose<\/li>\n<\/ul>\n<\/div>\n\t\t\t\t\t\t\t<\/div>\n\t\t<\/div>\n\t\t\t\t<\/div>\n\t\t\t\t<\/div>\n\t\t\t\t\t<\/div>\n\t\t\t\t<\/div>\n\t\t\t\t<\/div>\n\t\t","protected":false},"excerpt":{"rendered":"<p>Zugang Fr\u00fchling Sommer Fr\u00fchling Arolla : Es ist m\u00f6glich, die Arolla-Lifte zu benutzen, um 400 H\u00f6henmeter einzusparen. F\u00fcr die Sportlicheren unter Ihnen ist der Start am Parkplatz von Arolla. Sie fahren die Pisten entlang bis zur Spitze der Skilifte. Verlassen Sie die Skipisten und gehen Sie in Richtung Westen. Zu Ihrer Linken befinden sich die [&hellip;]<\/p>\n","protected":false},"author":1,"featured_media":0,"parent":0,"menu_order":0,"comment_status":"closed","ping_status":"closed","template":"","meta":{"footnotes":""},"class_list":["post-803","page","type-page","status-publish","hentry"],"_links":{"self":[{"href":"https:\/\/cabanedesdix.com\/de\/wp-json\/wp\/v2\/pages\/803","targetHints":{"allow":["GET"]}}],"collection":[{"href":"https:\/\/cabanedesdix.com\/de\/wp-json\/wp\/v2\/pages"}],"about":[{"href":"https:\/\/cabanedesdix.com\/de\/wp-json\/wp\/v2\/types\/page"}],"author":[{"embeddable":true,"href":"https:\/\/cabanedesdix.com\/de\/wp-json\/wp\/v2\/users\/1"}],"replies":[{"embeddable":true,"href":"https:\/\/cabanedesdix.com\/de\/wp-json\/wp\/v2\/comments?post=803"}],"version-history":[{"count":4,"href":"https:\/\/cabanedesdix.com\/de\/wp-json\/wp\/v2\/pages\/803\/revisions"}],"predecessor-version":[{"id":1794,"href":"https:\/\/cabanedesdix.com\/de\/wp-json\/wp\/v2\/pages\/803\/revisions\/1794"}],"wp:attachment":[{"href":"https:\/\/cabanedesdix.com\/de\/wp-json\/wp\/v2\/media?parent=803"}],"curies":[{"name":"wp","href":"https:\/\/api.w.org\/{rel}","templated":true}]}}